{"id":565,"date":"2009-08-18T00:17:39","date_gmt":"2009-08-17T21:17:39","guid":{"rendered":"http:\/\/www.nimenhuuto.com\/blogi\/?page_id=92"},"modified":"2009-08-18T00:17:39","modified_gmt":"2009-08-17T21:17:39","slug":"miljoona-ilmoittautumista","status":"publish","type":"page","link":"http:\/\/blog.nimenhuuto.com\/blogi\/lehdistotiedote\/miljoona-ilmoittautumista\/","title":{"rendered":"Miljoona ilmoittautumista"},"content":{"rendered":"<p>Espoo 18.8.2009<br \/>\nLehdist\u00f6tiedote<br \/>\nVapaa julkaistavaksi heti<br \/>\nNimenhuuto.com<\/p>\n<h3>Enn\u00e4tysjahdissa &#8211; joukkueet juonivat netiss\u00e4<\/h3>\n<p>Nimenhuuto.com teki uuden k\u00e4vij\u00e4enn\u00e4tyksen syyskauden aluksi! Kymmenet tuhannet k\u00e4ytt\u00e4j\u00e4t ovat ilmoittautuneet jo yli miljoona kertaa treeneihin tai peleihin, ja palvelun k\u00e4ytt\u00f6 kasvaa vauhdilla.<br \/>\nNimenhuuto.com on ilmainen apuv\u00e4line joukkueille ja seuroille. Joukkueet saavat k\u00e4ytt\u00f6\u00f6ns\u00e4 mm. tapahtumakalenterin, ilmoittautumisj\u00e4rjestelm\u00e4n ja pikaviestit. Palvelu on l\u00f6yt\u00e4nyt vankan sijan k\u00e4ytt\u00e4jien syd\u00e4mess\u00e4 ja k\u00e4ytt\u00f6m\u00e4\u00e4r\u00e4t ovat kasvaneet sadan prosentin vuosivauhtia.<\/p>\n<p>K\u00e4vij\u00e4enn\u00e4tyksen my\u00f6t\u00e4 rima nousee korkealle. &#8221;Oli eritt\u00e4in hienoa p\u00e4\u00e4st\u00e4 juhlimaan miljoonannen ilmoittautumisen rajapyykki\u00e4. Hyv\u00e4 palaute ja vankka kasvuvauhti vakuuttaa, ett\u00e4 kuljemme oikeaan suuntaan&#8221;, kommentoi Olli Huotari, palvelun p\u00e4\u00e4arkkitehti.<\/p>\n<p>K\u00e4ytt\u00e4j\u00e4t ovat kommentoineet, ett\u00e4 harjoitusten, pelien ja muiden yhteistapahtumien j\u00e4rjest\u00e4minen on helpompaa ja stressitt\u00f6m\u00e4mp\u00e4\u00e4, kun joukkueen managerin tai kaveriporukan puuhamiehen ei tarvitse yritt\u00e4\u00e4 pelk\u00e4ll\u00e4 puhelimella ja s\u00e4hk\u00f6postilla suoritua teht\u00e4v\u00e4st\u00e4. Hyv\u00e4 niin, sill\u00e4 t\u00e4t\u00e4 varten on Nimenhuuto.com tehty.<\/p>\n<h3>Faktalaatikko:<\/h3>\n<p><strong>Nimenhuuto.com<\/strong><\/p>\n<ul>\n<li>ilmainen nettipalvelu urheilujoukkueille ja -porukoille<\/li>\n<li>kotimainen tuote, joka sai alkunsa omaan k\u00e4ytt\u00f6\u00f6n kehitetyst\u00e4 ilmoittautumisj\u00e4rjestelm\u00e4st\u00e4<\/li>\n<li>k\u00e4ytt\u00e4ji\u00e4 on jo yli 40.000<\/li>\n<li> k\u00e4ytetyimm\u00e4t ominaisuudet ovat tapahtumakalenteri, ilmoittautumiset, pikaviestit ja yhteystietopankki<\/li>\n<li>hy\u00f6dyksi monessa lajissa, lajivalikoima vaihtelee tanssista jalkapalloon ja suunnistuksesta soutuun<\/li>\n<li> palvelun osoite on <a href=\"https:\/\/webmail1.tkk.fi\/services\/go.php?url=http%3A%2F%2Fwww.nimenhuuto.com%2F\" target=\"_blank\">http:\/\/www.nimenhuuto.com\/<\/a><\/li>\n<\/ul>\n<h3>Lis\u00e4tiedot ja mahdolliset haastattelut:<\/h3>\n<p>Olli Huotari<br \/>\nolli (\u00e4t) nimenhuuto.com<br \/>\n040 757 3855<\/p>\n","protected":false},"excerpt":{"rendered":"<p>Espoo 18.8.2009 Lehdist\u00f6tiedote Vapaa julkaistavaksi heti Nimenhuuto.com Enn\u00e4tysjahdissa &#8211; joukkueet juonivat netiss\u00e4 Nimenhuuto.com teki uuden k\u00e4vij\u00e4enn\u00e4tyksen syyskauden aluksi! Kymmenet tuhannet k\u00e4ytt\u00e4j\u00e4t ovat ilmoittautuneet jo yli miljoona kertaa treeneihin tai peleihin, ja palvelun k\u00e4ytt\u00f6 kasvaa vauhdilla. Nimenhuuto.com on ilmainen apuv\u00e4line joukkueille ja seuroille. Joukkueet saavat k\u00e4ytt\u00f6\u00f6ns\u00e4 mm. tapahtumakalenterin, ilmoittautumisj\u00e4rjestelm\u00e4n ja pikaviestit. Palvelu on l\u00f6yt\u00e4nyt vankan sijan [&hellip;]<\/p>\n","protected":false},"author":4,"featured_media":0,"parent":564,"menu_order":0,"comment_status":"open","ping_status":"open","template":"","meta":[],"_links":{"self":[{"href":"http:\/\/blog.nimenhuuto.com\/blogi\/wp-json\/wp\/v2\/pages\/565"}],"collection":[{"href":"http:\/\/blog.nimenhuuto.com\/blogi\/wp-json\/wp\/v2\/pages"}],"about":[{"href":"http:\/\/blog.nimenhuuto.com\/blogi\/wp-json\/wp\/v2\/types\/page"}],"author":[{"embeddable":true,"href":"http:\/\/blog.nimenhuuto.com\/blogi\/wp-json\/wp\/v2\/users\/4"}],"replies":[{"embeddable":true,"href":"http:\/\/blog.nimenhuuto.com\/blogi\/wp-json\/wp\/v2\/comments?post=565"}],"version-history":[{"count":0,"href":"http:\/\/blog.nimenhuuto.com\/blogi\/wp-json\/wp\/v2\/pages\/565\/revisions"}],"up":[{"embeddable":true,"href":"http:\/\/blog.nimenhuuto.com\/blogi\/wp-json\/wp\/v2\/pages\/564"}],"wp:attachment":[{"href":"http:\/\/blog.nimenhuuto.com\/blogi\/wp-json\/wp\/v2\/media?parent=565"}],"curies":[{"name":"wp","href":"https:\/\/api.w.org\/{rel}","templated":true}]}}