{"id":564,"date":"2008-04-06T11:16:37","date_gmt":"2008-04-06T09:16:37","guid":{"rendered":"http:\/\/www.nimenhuuto.com\/blogi\/lehdistotiedote\/julkaisutiedote\/"},"modified":"2008-04-06T11:16:37","modified_gmt":"2008-04-06T09:16:37","slug":"lehdistotiedote","status":"publish","type":"page","link":"http:\/\/blog.nimenhuuto.com\/blogi\/lehdistotiedote\/","title":{"rendered":"Lehdist\u00f6tiedotteet"},"content":{"rendered":"<p><strong>T\u00e4st\u00e4 p\u00e4\u00e4set on nimenhuutoa koskeviin lehdist\u00f6tiedotteisiin:<\/strong><\/p>\n<ul>\n<li><a href=\"http:\/\/www.nimenhuuto.com\/blogi\/lehdistotiedote\/julkaisutiedote\/\">Julkaisutiedote<\/a> &#8211; 11.12.2007<\/li>\n<li><a href=\"http:\/\/www.nimenhuuto.com\/blogi\/lehdistotiedote\/miljoona-ilmoittautumista\/\">Miljoona ilmoittautumista<\/a> &#8211; 18.8.2009<\/li>\n<li><a href=\"http:\/\/www.nimenhuuto.com\/blogi\/lehdistotiedote\/pelaajaporssi\/\">Pelaajap\u00f6rssi<\/a> &#8211; 3.2.2010<\/li>\n<li><a href=\"http:\/\/nimenhuuto.com\/blogi\/lehdistotiedote\/suomen-palloliitto-ja-nimenhuuto-com-yhteistyohon\/\">Suomen Palloliitto ja Nimenhuuto.com yhteisty\u00f6h\u00f6n<\/a> &#8211; 5.5.2011<\/li>\n<\/ul>\n<p><strong>Vastaamme ilomielin kyselyihin ja haastatteluihin:<\/strong><\/p>\n<p>Olli Huotari<br \/>\nolli (\u00e4t) nimenhuuto.com<br \/>\n040 757 3855<\/p>\n","protected":false},"excerpt":{"rendered":"<p>T\u00e4st\u00e4 p\u00e4\u00e4set on nimenhuutoa koskeviin lehdist\u00f6tiedotteisiin: Julkaisutiedote &#8211; 11.12.2007 Miljoona ilmoittautumista &#8211; 18.8.2009 Pelaajap\u00f6rssi &#8211; 3.2.2010 Suomen Palloliitto ja Nimenhuuto.com yhteisty\u00f6h\u00f6n &#8211; 5.5.2011 Vastaamme ilomielin kyselyihin ja haastatteluihin: Olli Huotari olli (\u00e4t) nimenhuuto.com 040 757 3855<\/p>\n","protected":false},"author":4,"featured_media":0,"parent":0,"menu_order":10,"comment_status":"open","ping_status":"open","template":"","meta":[],"_links":{"self":[{"href":"http:\/\/blog.nimenhuuto.com\/blogi\/wp-json\/wp\/v2\/pages\/564"}],"collection":[{"href":"http:\/\/blog.nimenhuuto.com\/blogi\/wp-json\/wp\/v2\/pages"}],"about":[{"href":"http:\/\/blog.nimenhuuto.com\/blogi\/wp-json\/wp\/v2\/types\/page"}],"author":[{"embeddable":true,"href":"http:\/\/blog.nimenhuuto.com\/blogi\/wp-json\/wp\/v2\/users\/4"}],"replies":[{"embeddable":true,"href":"http:\/\/blog.nimenhuuto.com\/blogi\/wp-json\/wp\/v2\/comments?post=564"}],"version-history":[{"count":0,"href":"http:\/\/blog.nimenhuuto.com\/blogi\/wp-json\/wp\/v2\/pages\/564\/revisions"}],"wp:attachment":[{"href":"http:\/\/blog.nimenhuuto.com\/blogi\/wp-json\/wp\/v2\/media?parent=564"}],"curies":[{"name":"wp","href":"https:\/\/api.w.org\/{rel}","templated":true}]}}