{"id":562,"date":"2007-11-12T22:07:32","date_gmt":"2007-11-12T20:07:32","guid":{"rendered":"http:\/\/www.nimenhuuto.com\/blogi\/lehdistotiedote\/"},"modified":"2007-11-12T22:07:32","modified_gmt":"2007-11-12T20:07:32","slug":"julkaisutiedote","status":"publish","type":"page","link":"http:\/\/blog.nimenhuuto.com\/blogi\/lehdistotiedote\/julkaisutiedote\/","title":{"rendered":"Julkaisutiedote"},"content":{"rendered":"<p class=\"entry\">Espoo 11.12.2007<br \/>\nLehdist\u00f6tiedote<br \/>\nVapaa julkaistavaksi heti<br \/>\nNimenhuuto.com<\/p>\n<p><strong>Urheilujoukkueen nimenhuuto<\/strong><\/p>\n<p>Nimenhuuto.com on uuden internetin ilmainen urheilujoukkueiden ilmoittautumisj\u00e4rjestelm\u00e4 (&#8221;ilmo&#8221;). Ilmossa joukkueen j\u00e4senet n\u00e4kev\u00e4t tulevat harjoitukset ja pelit sek\u00e4 mukaan ilmoittautuneet pelikaverit. Tavoitteena on v\u00e4ltt\u00e4\u00e4 s\u00e4hk\u00f6postipallottelu ja pime\u00e4ss\u00e4 talvi-illassa v\u00e4\u00e4r\u00e4\u00e4n paikkaan tai aikaan raahustaminen. Nimenhuuto.com toimii my\u00f6s koko joukkueen tiedotuskanavana ja yhteystietolistana.<\/p>\n<p><strong>Palvelu avattu kaikille<\/strong><\/p>\n<p>Nimenhuuto.com oli kahden joukkueen k\u00e4yt\u00f6ss\u00e4 jo viime kaudella. N\u00e4iden joukkueiden pelaajille tuli tavaksi k\u00e4yd\u00e4 ilmossa tarkastamassa pelaajatilanne ennen jokaista treeni\u00e4 ja katsomassa kavereiden kommentit pelien j\u00e4lkeen. K\u00e4ytt\u00f6 oli vilkasta! Kun lis\u00e4ksi palaute on<br \/>\nollut eritt\u00e4in positiivista, niin t\u00e4llaiselle palvelulle todettiin olevan varmasti kysynt\u00e4\u00e4 muissakin joukkueissa. Siisp\u00e4 Nimenhuuto.com viilattiin kuntoon ja avattiin kaikkien vapaaseen k\u00e4ytt\u00f6\u00f6n! Nimenhuuto.comin tekij\u00e4t toivovat, ett\u00e4 palvelusta on paljon iloa<br \/>\nmuillekin.<\/p>\n<p><strong>Historia<\/strong><\/p>\n<p>Nimenhuuto.com sai alkunsa, kun harrastelijajoukkue ilmoittautui mukaan viralliseen koripallo-sarjaan. Pian huomattiin, ett\u00e4 &#8221;tarttis tiet\u00e4\u00e4 milloin pelit ovat&#8221; ja ketk\u00e4 kaikki p\u00e4\u00e4sev\u00e4t paikalle. S\u00e4hk\u00f6posti oli tiedotukseen ja ilmoittautumisten ker\u00e4\u00e4miseen aivan liian k\u00f6mpel\u00f6 ja mikro-budjetilla toimivalle joukkueelle ei valmiita vaihtoehtoja ollut. Tehtiin siis itse oma ilmo!<\/p>\n<p>Nimenhuuto.com on el\u00e4v\u00e4 esimerkki siit\u00e4, miten uuden hy\u00f6dyllisen www-palvelun pystyy rakentamaan tehokkaasti Web 2.0 -teknologialla. Web 2.0 yhdistettyn\u00e4 avointen ohjelmistojen (open source) ty\u00f6kaluihin teki ilmon mahdolliseksi.<\/p>\n<p><strong>Lis\u00e4tietoja:<\/strong><\/p>\n<p>Palvelun kotisivut: <a href=\"http:\/\/www.nimenhuuto.com\/\">http:\/\/www.nimenhuuto.com\/<\/a><\/p>\n<p>Palvelun &#8221;tarina&#8221;: <a href=\"http:\/\/www.nimenhuuto.com\/treeni_ilmon_tarina\">http:\/\/www.nimenhuuto.com\/treeni_ilmon_tarina<\/a><\/p>\n<p><strong>Yhteystiedot:<\/strong><\/p>\n<p>Olli Huotari<br \/>\n<a class=\"fixed\" onclick=\"popup_imp('\/imp\/compose.php?Horde=aad6dec5257e7d08d894cc5af4b1499a',700,650,'to=olli%40nimenhuuto.com&amp;thismailbox=INBOX');\" href=\"https:\/\/webmail2.tkk.fi\/imp\/message.php?Horde=aad6dec5257e7d08d894cc5af4b1499a&amp;index=7495#\">olli@nimenhuuto.com<\/a><br \/>\n040-7573855<\/p>\n<p class=\"entry\">\n","protected":false},"excerpt":{"rendered":"<p>Espoo 11.12.2007 Lehdist\u00f6tiedote Vapaa julkaistavaksi heti Nimenhuuto.com Urheilujoukkueen nimenhuuto Nimenhuuto.com on uuden internetin ilmainen urheilujoukkueiden ilmoittautumisj\u00e4rjestelm\u00e4 (&#8221;ilmo&#8221;). Ilmossa joukkueen j\u00e4senet n\u00e4kev\u00e4t tulevat harjoitukset ja pelit sek\u00e4 mukaan ilmoittautuneet pelikaverit. Tavoitteena on v\u00e4ltt\u00e4\u00e4 s\u00e4hk\u00f6postipallottelu ja pime\u00e4ss\u00e4 talvi-illassa v\u00e4\u00e4r\u00e4\u00e4n paikkaan tai aikaan raahustaminen. Nimenhuuto.com toimii my\u00f6s koko joukkueen tiedotuskanavana ja yhteystietolistana. Palvelu avattu kaikille Nimenhuuto.com oli kahden [&hellip;]<\/p>\n","protected":false},"author":4,"featured_media":0,"parent":564,"menu_order":0,"comment_status":"open","ping_status":"open","template":"","meta":[],"_links":{"self":[{"href":"http:\/\/blog.nimenhuuto.com\/blogi\/wp-json\/wp\/v2\/pages\/562"}],"collection":[{"href":"http:\/\/blog.nimenhuuto.com\/blogi\/wp-json\/wp\/v2\/pages"}],"about":[{"href":"http:\/\/blog.nimenhuuto.com\/blogi\/wp-json\/wp\/v2\/types\/page"}],"author":[{"embeddable":true,"href":"http:\/\/blog.nimenhuuto.com\/blogi\/wp-json\/wp\/v2\/users\/4"}],"replies":[{"embeddable":true,"href":"http:\/\/blog.nimenhuuto.com\/blogi\/wp-json\/wp\/v2\/comments?post=562"}],"version-history":[{"count":0,"href":"http:\/\/blog.nimenhuuto.com\/blogi\/wp-json\/wp\/v2\/pages\/562\/revisions"}],"up":[{"embeddable":true,"href":"http:\/\/blog.nimenhuuto.com\/blogi\/wp-json\/wp\/v2\/pages\/564"}],"wp:attachment":[{"href":"http:\/\/blog.nimenhuuto.com\/blogi\/wp-json\/wp\/v2\/media?parent=562"}],"curies":[{"name":"wp","href":"https:\/\/api.w.org\/{rel}","templated":true}]}}