{"id":435,"date":"2011-05-05T10:03:38","date_gmt":"2011-05-05T07:03:38","guid":{"rendered":"http:\/\/nimenhuuto.com\/blogi\/"},"modified":"2011-05-05T10:03:38","modified_gmt":"2011-05-05T07:03:38","slug":"suomen-palloliitto-ja-nimenhuuto-com-yhteistyohon","status":"publish","type":"page","link":"http:\/\/blog.nimenhuuto.com\/blogi\/lehdistotiedote\/suomen-palloliitto-ja-nimenhuuto-com-yhteistyohon\/","title":{"rendered":"Suomen Palloliitto ja Nimenhuuto.com yhteisty\u00f6h\u00f6n"},"content":{"rendered":"<p><!-- \t\t@page { size: 8.5in 11in; margin: 0.79in } \t\tP { margin-bottom: 0.08in } \t\tA:link { so-language: zxx }  -->Helsinki 5.5.2011<br \/>\nLehdist\u00f6tiedote<br \/>\nVapaa julkaistavaksi heti<\/p>\n<p>Suomen Palloliitto ja Nimenhuuto.com julkaisevat kes\u00e4kauden kynnyksell\u00e4 jalkapallon ja futsalin harrastajille r\u00e4\u00e4t\u00e4l\u00f6idyn verkkopalvelun. Palvelun nimi on Futaajat.com ja se on suunniteltu helpottamaan joukkueiden jokap\u00e4iv\u00e4ist\u00e4 toimintaa. Futaajat.com tarjoaa joukkueille useita hy\u00f6dyllisi\u00e4 apuv\u00e4lineit\u00e4 viestint\u00e4\u00e4n kuten ilmoittautumisj\u00e4rjestelm\u00e4n harjoituksiin ja peleihin, kalenterin, pelaajap\u00f6rssin, kuvapankin, osallistumistilastot sek\u00e4 Palloliiton tapahtumatiedotteet. Palvelu on k\u00e4ytt\u00e4jille maksuton.<\/p>\n<p>Suomen Palloliitto kehitt\u00e4\u00e4 maamme huippu- ja harrastejalkapalloa. Futaajat.com \u2013palvelun avulla tarjotaan jalkapallon ja futsalin harrastajille helppo v\u00e4line oman ryhm\u00e4n toiminnan organisointiin.<\/p>\n<p>&#8211; <em>T\u00e4m\u00e4 on loistava palvelu harrastajillemme ja samalla mahdollisuus meille lajiliittona tavoittaa suoraan harrastajamme<\/em>, kertoo Palloliiton seuratoimintajohtaja <strong>Timo Huttunen<\/strong>.<\/p>\n<p>&#8211; <em>T\u00e4m\u00e4 yhteisty\u00f6 on merkitt\u00e4v\u00e4 askel matkallamme kohti Euroopan parasta joukkuepalvelua. Palloliiton tehokas organisaatio auttaa meit\u00e4 kehitt\u00e4m\u00e4\u00e4n palveluamme ja tuomaan sen entist\u00e4 useamman harrastajan saataville<\/em>, toteaa puolestaan Nimenhuuto.comin toimitusjohtaja <strong>Olli Huotari<\/strong>.<\/p>\n<p>Vuonna 1907 perustettu Suomen Palloliitto on harrastajam\u00e4\u00e4r\u00e4lt\u00e4\u00e4n maan suurin lajiliitto. Nimenhuuto.com on vuonna 2007 julkaistu palvelu joukkueille. Vauhdikkaasti kasvavalla palvelulla on yli 110.000 k\u00e4ytt\u00e4j\u00e4\u00e4.<\/p>\n<p><a href=\"http:\/\/www.futaajat.com\">www.futaajat.com<\/a><\/p>\n<p><strong>Lis\u00e4tietoja:<\/strong><\/p>\n<p>Olli Huotari, Nimenhuuto.com, 040 757 3855<br \/>\nLasse Keski-Loppi, Suomen Palloliitto, 040 7340086<\/p>\n","protected":false},"excerpt":{"rendered":"<p>Helsinki 5.5.2011 Lehdist\u00f6tiedote Vapaa julkaistavaksi heti Suomen Palloliitto ja Nimenhuuto.com julkaisevat kes\u00e4kauden kynnyksell\u00e4 jalkapallon ja futsalin harrastajille r\u00e4\u00e4t\u00e4l\u00f6idyn verkkopalvelun. Palvelun nimi on Futaajat.com ja se on suunniteltu helpottamaan joukkueiden jokap\u00e4iv\u00e4ist\u00e4 toimintaa. Futaajat.com tarjoaa joukkueille useita hy\u00f6dyllisi\u00e4 apuv\u00e4lineit\u00e4 viestint\u00e4\u00e4n kuten ilmoittautumisj\u00e4rjestelm\u00e4n harjoituksiin ja peleihin, kalenterin, pelaajap\u00f6rssin, kuvapankin, osallistumistilastot sek\u00e4 Palloliiton tapahtumatiedotteet. Palvelu on k\u00e4ytt\u00e4jille maksuton. Suomen [&hellip;]<\/p>\n","protected":false},"author":4,"featured_media":0,"parent":564,"menu_order":0,"comment_status":"open","ping_status":"open","template":"","meta":[],"_links":{"self":[{"href":"http:\/\/blog.nimenhuuto.com\/blogi\/wp-json\/wp\/v2\/pages\/435"}],"collection":[{"href":"http:\/\/blog.nimenhuuto.com\/blogi\/wp-json\/wp\/v2\/pages"}],"about":[{"href":"http:\/\/blog.nimenhuuto.com\/blogi\/wp-json\/wp\/v2\/types\/page"}],"author":[{"embeddable":true,"href":"http:\/\/blog.nimenhuuto.com\/blogi\/wp-json\/wp\/v2\/users\/4"}],"replies":[{"embeddable":true,"href":"http:\/\/blog.nimenhuuto.com\/blogi\/wp-json\/wp\/v2\/comments?post=435"}],"version-history":[{"count":0,"href":"http:\/\/blog.nimenhuuto.com\/blogi\/wp-json\/wp\/v2\/pages\/435\/revisions"}],"up":[{"embeddable":true,"href":"http:\/\/blog.nimenhuuto.com\/blogi\/wp-json\/wp\/v2\/pages\/564"}],"wp:attachment":[{"href":"http:\/\/blog.nimenhuuto.com\/blogi\/wp-json\/wp\/v2\/media?parent=435"}],"curies":[{"name":"wp","href":"https:\/\/api.w.org\/{rel}","templated":true}]}}