{"id":27,"date":"2012-02-23T14:15:50","date_gmt":"2012-02-23T12:15:50","guid":{"rendered":"http:\/\/jhu.kapsi.fi\/wordpress\/?page_id=27"},"modified":"2015-10-21T14:38:56","modified_gmt":"2015-10-21T11:38:56","slug":"palautelomake","status":"publish","type":"page","link":"http:\/\/blog.nimenhuuto.com\/blogi\/palautelomake\/","title":{"rendered":"Palautelomake \/ K\u00e4ytt\u00e4j\u00e4tuki"},"content":{"rendered":"<p>T\u00e4st\u00e4 p\u00e4\u00e4set julkaisemaan palautteesi blogissamme ja ottamaan osaa keskusteluun.<strong> Palautteesi on tervetullutta<\/strong>! Kuulemme mielell\u00e4mme, mik\u00e4 palvelussa toimii hyvin ja miss\u00e4 olisi parantamisen varaa. Mit\u00e4 enemm\u00e4n kuulemme teist\u00e4, sit\u00e4 paremman palvelun pystymme rakentamaan.<\/p>\n<p>Muuten, jos olet raportoimassa jostain viasta, niin kannattaa ensin tehd\u00e4 n\u00e4in:<\/p>\n<ol>\n<li>Kokeile toimintoa my\u00f6s jollain toisella selaimella, mik\u00e4li mahdollista. Palvelu toimii kaikilla uusilla selaimilla ja mobiililaitteilla. Sen sijaan erityisesti joillain Internet Explorerin vanhoilla versioilla voi ilmet\u00e4 ongelmia.<\/li>\n<li>Jos asia liittyy s\u00e4hk\u00f6postiin tai puhelinnumeroihin, niin olisimme iloisia jos tarkastaisit oikeinkirjoituksesi viel\u00e4 toisenkin kerran. 99 % n\u00e4ist\u00e4 tapauksista on ilmennyt, ett\u00e4 ongelma oli k\u00e4ytt\u00e4j\u00e4n kirjoitusvirhe, vahvistamaton osoite tai v\u00e4\u00e4r\u00e4 numero.<\/li>\n<li>Lue <a title=\"FAQ - Usein esitetyt kysymykset\" href=\"http:\/\/nimenhuuto.com\/faq\" target=\"_blank\"><strong>FAQ-sivu<\/strong><\/a> l\u00e4pi, olisiko siell\u00e4 jo vastattu kysymykseen.<\/li>\n<li>Katso\u00a0<a title=\"Blogin etusivu\" href=\"\/blogi\/\">blogin etusivulta<\/a>\u00a0onko aiheesta jo aloitettu keskustelu ja vastaa suoraan sinne. N\u00e4in saamme ker\u00e4tty\u00e4 kaiken asiaan liittyv\u00e4n yhteen paikkaan.<\/li>\n<li>Ja t\u00e4rkeimp\u00e4n\u00e4: yll\u00e4 olevien ohjeiden on tarkoitus nopeuttaa ongelman selvitt\u00e4mist\u00e4, ei v\u00e4hent\u00e4\u00e4 palautetta. Eli kirjoita vaan, palautteesi luetaan joka tapauksessa! :)<\/li>\n<\/ol>\n<p>Vastaan kommenttiisi mahdollisimman pian!<\/p>\n<p>&nbsp;<\/p>\n<h2><strong>Kysymykset ja palautekanava on siirtynyt, mene\u00a0<a href=\"http:\/\/support.nimenhuuto.com\/\">support.nimenhuuto.com<\/a><\/strong><\/h2>\n<p>&nbsp;<\/p>\n<p>&nbsp;<\/p>\n<p><!-- [contact-form-7 id=\"26\" title=\"Palautelomake\"] --><\/p>\n","protected":false},"excerpt":{"rendered":"<p>T\u00e4st\u00e4 p\u00e4\u00e4set julkaisemaan palautteesi blogissamme ja ottamaan osaa keskusteluun. Palautteesi on tervetullutta! Kuulemme mielell\u00e4mme, mik\u00e4 palvelussa toimii hyvin ja miss\u00e4 olisi parantamisen varaa. Mit\u00e4 enemm\u00e4n kuulemme teist\u00e4, sit\u00e4 paremman palvelun pystymme rakentamaan. Muuten, jos olet raportoimassa jostain viasta, niin kannattaa ensin tehd\u00e4 n\u00e4in: Kokeile toimintoa my\u00f6s jollain toisella selaimella, mik\u00e4li mahdollista. Palvelu toimii kaikilla uusilla [&hellip;]<\/p>\n","protected":false},"author":1,"featured_media":0,"parent":0,"menu_order":0,"comment_status":"closed","ping_status":"closed","template":"","meta":[],"_links":{"self":[{"href":"http:\/\/blog.nimenhuuto.com\/blogi\/wp-json\/wp\/v2\/pages\/27"}],"collection":[{"href":"http:\/\/blog.nimenhuuto.com\/blogi\/wp-json\/wp\/v2\/pages"}],"about":[{"href":"http:\/\/blog.nimenhuuto.com\/blogi\/wp-json\/wp\/v2\/types\/page"}],"author":[{"embeddable":true,"href":"http:\/\/blog.nimenhuuto.com\/blogi\/wp-json\/wp\/v2\/users\/1"}],"replies":[{"embeddable":true,"href":"http:\/\/blog.nimenhuuto.com\/blogi\/wp-json\/wp\/v2\/comments?post=27"}],"version-history":[{"count":18,"href":"http:\/\/blog.nimenhuuto.com\/blogi\/wp-json\/wp\/v2\/pages\/27\/revisions"}],"predecessor-version":[{"id":4213,"href":"http:\/\/blog.nimenhuuto.com\/blogi\/wp-json\/wp\/v2\/pages\/27\/revisions\/4213"}],"wp:attachment":[{"href":"http:\/\/blog.nimenhuuto.com\/blogi\/wp-json\/wp\/v2\/media?parent=27"}],"curies":[{"name":"wp","href":"https:\/\/api.w.org\/{rel}","templated":true}]}}