{"id":178,"date":"2010-02-03T19:46:19","date_gmt":"2010-02-03T16:46:19","guid":{"rendered":"http:\/\/www.nimenhuuto.com\/blogi\/?page_id=178"},"modified":"2010-02-03T19:46:19","modified_gmt":"2010-02-03T16:46:19","slug":"pelaajaporssi","status":"publish","type":"page","link":"http:\/\/blog.nimenhuuto.com\/blogi\/lehdistotiedote\/pelaajaporssi\/","title":{"rendered":"Pelaajap\u00f6rssi"},"content":{"rendered":"<p>3.2.2010<br \/>\nLehdist\u00f6tiedote<br \/>\nVapaa julkaistavaksi heti<br \/>\nNimenhuuto.com<\/p>\n<h3>Nimenhuuto.com laajenee pelaajap\u00f6rssiin.<\/h3>\n<p>Nimenhuuto.com on eritt\u00e4in monipuolinen nettisivusto urheilijoille ja joukkueille. Jo 50.000 ihmist\u00e4 k\u00e4y sivuilla viikottain.<\/p>\n<p>L\u00e4pily\u00f6nnin liikunnan harrastajien keskuuteen tehnyt Nimenhuuto.com vastaa nyt uusiin haasteisiin ja julkaisee pelaajap\u00f6rssin.<\/p>\n<p>Pelaajat ja joukkueet l\u00f6yt\u00e4v\u00e4t helposti toisensa Nimenhuuto.comin kautta. My\u00f6s uudet harrastajat saavat Nimenhuuto.comin kautta k\u00e4tev\u00e4si yhteyden kotiseutunsa urheilu- ja liikuntapiireihin.<\/p>\n<p>Joukkueet voivat ilmoittaa itsest\u00e4\u00e4n ja pelaajat hakea joukkueita helposti, nopeasti ja ilmaiseksi.<\/p>\n<p>Tietotekniikka toimii tehokkaasti joukkueiden apuna. Nimenhuuto.comissa on monipuolinen joukkuehaku. Hakuja voi tehd\u00e4 urheilulajin, ik\u00e4luokan ja paikkakunnan mukaan. Koska Nimenhuuto.com on kattava joukkuesivusto, voivat joukkueet napin painalluksella kertoa toiminnastaan monipuolisesti.<\/p>\n<p>Haku voi olla tarkasti kohdennettu. K\u00e4ytt\u00e4j\u00e4 voi hakea omasta l\u00e4hiymp\u00e4rist\u00f6st\u00e4\u00e4n itse\u00e4\u00e4n kiinnostavan lajin ja joukkueet sek\u00e4 n\u00e4iden yhteystiedot ja harjoitusajat.<\/p>\n<h3>Faktalaatikko: Nimenhuuto.com<\/h3>\n<ul>\n<li>ilmainen nettipalvelu joukkueille ja kaveriporukoille<\/li>\n<li>kotimainen tuote, jota k\u00e4ytt\u00e4\u00e4 l\u00e4hes 50.000 ihmist\u00e4 joka viikko<\/li>\n<li>ominaisuuksia ovat mm. tapahtumakalenteri, ilmoittautumiset, pikaviestit, automaattiset s\u00e4hk\u00f6postit ja pelaajap\u00f6rssi<\/li>\n<li>hy\u00f6dyksi monessa lajissa, lajivalikoima vaihtelee tanssista jalkapalloon ja suunnistuksesta soutuun<\/li>\n<li>palvelun osoite on <a href=\"..\/..\/\" target=\"_blank\">http:\/\/www.nimenhuuto.com\/<\/a><\/li>\n<\/ul>\n<h3>Lis\u00e4tiedot ja mahdolliset haastattelut:<\/h3>\n<p>Olli Huotari<br \/>\nolli at nimenhuuto.com<br \/>\n0407573855<\/p>\n<p><span style=\"color: #888888;\"><br \/>\n<\/span><span style=\"color: #888888;\"> <\/span><\/p>\n","protected":false},"excerpt":{"rendered":"<p>3.2.2010 Lehdist\u00f6tiedote Vapaa julkaistavaksi heti Nimenhuuto.com Nimenhuuto.com laajenee pelaajap\u00f6rssiin. Nimenhuuto.com on eritt\u00e4in monipuolinen nettisivusto urheilijoille ja joukkueille. Jo 50.000 ihmist\u00e4 k\u00e4y sivuilla viikottain. L\u00e4pily\u00f6nnin liikunnan harrastajien keskuuteen tehnyt Nimenhuuto.com vastaa nyt uusiin haasteisiin ja julkaisee pelaajap\u00f6rssin. Pelaajat ja joukkueet l\u00f6yt\u00e4v\u00e4t helposti toisensa Nimenhuuto.comin kautta. My\u00f6s uudet harrastajat saavat Nimenhuuto.comin kautta k\u00e4tev\u00e4si yhteyden kotiseutunsa urheilu- ja [&hellip;]<\/p>\n","protected":false},"author":3,"featured_media":0,"parent":564,"menu_order":3,"comment_status":"open","ping_status":"open","template":"","meta":[],"_links":{"self":[{"href":"http:\/\/blog.nimenhuuto.com\/blogi\/wp-json\/wp\/v2\/pages\/178"}],"collection":[{"href":"http:\/\/blog.nimenhuuto.com\/blogi\/wp-json\/wp\/v2\/pages"}],"about":[{"href":"http:\/\/blog.nimenhuuto.com\/blogi\/wp-json\/wp\/v2\/types\/page"}],"author":[{"embeddable":true,"href":"http:\/\/blog.nimenhuuto.com\/blogi\/wp-json\/wp\/v2\/users\/3"}],"replies":[{"embeddable":true,"href":"http:\/\/blog.nimenhuuto.com\/blogi\/wp-json\/wp\/v2\/comments?post=178"}],"version-history":[{"count":0,"href":"http:\/\/blog.nimenhuuto.com\/blogi\/wp-json\/wp\/v2\/pages\/178\/revisions"}],"up":[{"embeddable":true,"href":"http:\/\/blog.nimenhuuto.com\/blogi\/wp-json\/wp\/v2\/pages\/564"}],"wp:attachment":[{"href":"http:\/\/blog.nimenhuuto.com\/blogi\/wp-json\/wp\/v2\/media?parent=178"}],"curies":[{"name":"wp","href":"https:\/\/api.w.org\/{rel}","templated":true}]}}